{"id":3,"date":"2024-12-30T17:18:42","date_gmt":"2024-12-30T17:18:42","guid":{"rendered":"https:\/\/restauranteaasm.com\/?page_id=3"},"modified":"2025-09-05T03:42:14","modified_gmt":"2025-09-05T04:42:14","slug":"cookies-policy","status":"publish","type":"page","link":"https:\/\/restauranteaasm.com\/en\/cookies-policy\/","title":{"rendered":"Pol\u00edtica de cookies"},"content":{"rendered":"<div data-elementor-type=\"wp-page\" data-elementor-id=\"3\" class=\"elementor elementor-3\" data-elementor-post-type=\"page\">\n\t\t\t\t<div class=\"elementor-element elementor-element-a3a97a1 e-flex e-con-boxed e-con e-parent\" data-id=\"a3a97a1\" data-element_type=\"container\" data-settings=\"{&quot;background_background&quot;:&quot;classic&quot;}\">\n\t\t\t\t\t<div class=\"e-con-inner\">\n\t\t<div class=\"elementor-element elementor-element-e886198 e-con-full e-flex e-con e-child\" data-id=\"e886198\" data-element_type=\"container\">\n\t\t\t\t<div class=\"elementor-element elementor-element-c4e1d91 elementor-invisible elementor-widget elementor-widget-heading\" data-id=\"c4e1d91\" data-element_type=\"widget\" data-settings=\"{&quot;_animation&quot;:&quot;fadeInUp&quot;}\" data-widget_type=\"heading.default\">\n\t\t\t\t<div class=\"elementor-widget-container\">\n\t\t\t\t\t<h1 class=\"elementor-heading-title elementor-size-default\">Cookie Policy<\/h1>\t\t\t\t<\/div>\n\t\t\t\t<\/div>\n\t\t\t\t<\/div>\n\t\t\t\t\t<\/div>\n\t\t\t\t<\/div>\n\t\t<div class=\"elementor-element elementor-element-8499792 e-flex e-con-boxed e-con e-parent\" data-id=\"8499792\" data-element_type=\"container\" data-settings=\"{&quot;background_background&quot;:&quot;gradient&quot;}\">\n\t\t\t\t\t<div class=\"e-con-inner\">\n\t\t\t\t\t<\/div>\n\t\t\t\t<\/div>\n\t\t<div class=\"elementor-element elementor-element-ad98d60 e-flex e-con-boxed e-con e-parent\" data-id=\"ad98d60\" data-element_type=\"container\">\n\t\t\t\t\t<div class=\"e-con-inner\">\n\t\t\t\t<div class=\"elementor-element elementor-element-ce00840 elementor-widget elementor-widget-text-editor\" data-id=\"ce00840\" data-element_type=\"widget\" data-widget_type=\"text-editor.default\">\n\t\t\t\t<div class=\"elementor-widget-container\">\n\t\t\t\t\t\t\t\t\tThis website uses cookies to improve its service.\t\t\t\t\t\t\t\t<\/div>\n\t\t\t\t<\/div>\n\t\t\t\t\t<\/div>\n\t\t\t\t<\/div>\n\t\t<div class=\"elementor-element elementor-element-0d39ed4 e-flex e-con-boxed e-con e-parent\" data-id=\"0d39ed4\" data-element_type=\"container\">\n\t\t\t\t\t<div class=\"e-con-inner\">\n\t\t\t\t<div class=\"elementor-element elementor-element-1afe57f elementor-widget elementor-widget-heading\" data-id=\"1afe57f\" data-element_type=\"widget\" data-widget_type=\"heading.default\">\n\t\t\t\t<div class=\"elementor-widget-container\">\n\t\t\t\t\t<h2 class=\"elementor-heading-title elementor-size-default\">1 \u2013 WHAT ARE COOKIES?<\/h2>\t\t\t\t<\/div>\n\t\t\t\t<\/div>\n\t\t\t\t<div class=\"elementor-element elementor-element-0bf7783 elementor-widget elementor-widget-text-editor\" data-id=\"0bf7783\" data-element_type=\"widget\" data-widget_type=\"text-editor.default\">\n\t\t\t\t<div class=\"elementor-widget-container\">\n\t\t\t\t\t\t\t\t\t<p class=\"translation-block\">The cookies are small text files that a website, when visited by the user, places on their computer or mobile device through the internet browser (browser). The placement of cookies will help the site to recognize your device the next time the user visits it.<\/p><p class=\"translation-block\">We use the term cookies in this policy to refer to all files that collect information in this way. Alguns cookies s\u00e3o essenciais para garantir as funcionalidades disponibilizadas, enquanto outros s\u00e3o destinadas a melhorar o desempenho e a experi\u00eancia do utilizador. You should not continue to access our website after the cookie alert if you do not agree to their use.<\/p>\t\t\t\t\t\t\t\t<\/div>\n\t\t\t\t<\/div>\n\t\t\t\t\t<\/div>\n\t\t\t\t<\/div>\n\t\t<div class=\"elementor-element elementor-element-20c4869 e-flex e-con-boxed e-con e-parent\" data-id=\"20c4869\" data-element_type=\"container\">\n\t\t\t\t\t<div class=\"e-con-inner\">\n\t\t\t\t<div class=\"elementor-element elementor-element-4a93736 elementor-widget elementor-widget-heading\" data-id=\"4a93736\" data-element_type=\"widget\" data-widget_type=\"heading.default\">\n\t\t\t\t<div class=\"elementor-widget-container\">\n\t\t\t\t\t<h2 class=\"elementor-heading-title elementor-size-default\">2 - ACCEPT<\/h2>\t\t\t\t<\/div>\n\t\t\t\t<\/div>\n\t\t\t\t<div class=\"elementor-element elementor-element-7965742 elementor-widget elementor-widget-text-editor\" data-id=\"7965742\" data-element_type=\"widget\" data-widget_type=\"text-editor.default\">\n\t\t\t\t<div class=\"elementor-widget-container\">\n\t\t\t\t\t\t\t\t\t<p class=\"translation-block\">You may at any time choose to accept or refuse the installation of cookies on your terminal by configuring the navigation software.<\/p><p class=\"translation-block\"><b>2.1<\/b> If you accept cookies<br>\nThe registration of a cookie on your terminal depends on your will. At any time, you will be able to express and modify your choice free of charge through the options provided by your navigation software.<\/p><p>If you have accepted the recording of cookies on your terminal in the browser software you are using, the cookies integrated into the pages and contents you have consulted may be temporarily stored in a specific space on your terminal. There, they will only be readable by the issuer.<\/p><p class=\"translation-block\"><b>2.2<\/b> What is the point of accepting cookies?<br>\nWhen you visit this website, these cookies will record certain information that is stored in your terminal. This information serves, in particular, to offer you products based on the items you have already selected during your previous visits, and thus allow you to benefit from better navigation on our Site.<\/p><p class=\"translation-block\">We use the term cookies in this policy to refer to all files that collect information in this way. Alguns cookies s\u00e3o essenciais para garantir as funcionalidades disponibilizadas, enquanto outros s\u00e3o destinadas a melhorar o desempenho e a experi\u00eancia do utilizador. You should not continue to access our website after the cookie alert if you do not agree to their use.<\/p>\t\t\t\t\t\t\t\t<\/div>\n\t\t\t\t<\/div>\n\t\t\t\t\t<\/div>\n\t\t\t\t<\/div>\n\t\t<div class=\"elementor-element elementor-element-0c237f1 e-flex e-con-boxed e-con e-parent\" data-id=\"0c237f1\" data-element_type=\"container\">\n\t\t\t\t\t<div class=\"e-con-inner\">\n\t\t\t\t<div class=\"elementor-element elementor-element-58945a3 elementor-widget elementor-widget-heading\" data-id=\"58945a3\" data-element_type=\"widget\" data-widget_type=\"heading.default\">\n\t\t\t\t<div class=\"elementor-widget-container\">\n\t\t\t\t\t<h2 class=\"elementor-heading-title elementor-size-default\">3 \u2013 REFUSE COOKIES<\/h2>\t\t\t\t<\/div>\n\t\t\t\t<\/div>\n\t\t\t\t<div class=\"elementor-element elementor-element-2eeab2f elementor-widget elementor-widget-text-editor\" data-id=\"2eeab2f\" data-element_type=\"widget\" data-widget_type=\"text-editor.default\">\n\t\t\t\t<div class=\"elementor-widget-container\">\n\t\t\t\t\t\t\t\t\t<p class=\"translation-block\"><b>3.1<\/b> If you refuse cookies<br>\nWhen you refuse cookies, we install however a cookie of \u201crefusal\u201d \u201c. This cookie allows us to remember your choice, so as to avoid asking you on each visit whether you wish to accept or refuse cookies.<\/p><p class=\"translation-block\"><b>3.2<\/b> Configuration of your browser<br>\nThe configuration of cookie management depends on each browser and is present in the help menu of your browser.<br><br><br><\/p><div><div><div><div><div class=\"translation-block\"><b>In Internet Explorer<\/b><br>\nTo customize settings relating to cookies for a web page<br>\nIn Internet Explorer, click the Tools button and then Internet Options.<br>\nClick the Privacy tab and then Sites.<br>\nIn the Web Site Address space, enter the full address (URL) of the web page whose privacy settings you want to customize.<br>\nFor example, http:\/\/www.microsoft.com.<br>\nTo allow the registration of cookies from the specified web page on your computer, click Allow. <br>To prohibit the registration of cookies from the specified web page on your computer, click Block.<br>\nRepeat steps 3 and 4 for each web page you want to block or allow. When finished, click OK twice.<\/div><\/div><\/div><\/div><\/div><div>\u00a0<\/div><div><div><div><div><div class=\"translation-block\"><b>In Safari<br><\/b>Go to Preferences, click on the Privacy panel and then Manage Cookies.<\/div><\/div><\/div><\/div><\/div><div>\u00a0<\/div><div><div><div><div><div class=\"translation-block\"><b>In Chrome<br><\/b>\nClick on the Chrome menu located in the browser toolbar.<br>\nSelect Settings.<br>\nClick on Show advanced settings.<br>\nIn the \u201cPrivacy\u201d section , click on the Content settings button.<br>\nIn the \u201cCookies\u201d section you can modify the following settings:<br>\nDelete cookies<br>\nBlock cookies by default<br>\nAllow cookies by default<br>\nCreate exceptions for website cookies or specific domains.<\/div><\/div><\/div><\/div><\/div><div>\u00a0<\/div><div><div><div><div><div class=\"translation-block\"><b>In Firefox<br><\/b>\nClick the Tools button and then Options.<br>\nClick the Privacy tab.<br>\nIn History, select \u201cUse custom settings for history.\u201d.<br>\nCheck the \u201caccept cookies\u201d box and click on exceptions to choose the websites that will or will not have permission to install cookies on your terminal.<\/div><\/div><\/div><\/div><\/div><div>\u00a0<\/div><div><div><div><div><div class=\"translation-block\"><b>In Opera<br><\/b>\nPreferences &gt; Advanced&gt; Cookies\u00a0<br>\nCookie preferences allow you to control how Opera handles cookies. The default setting is to accept all cookies.\u00a0<br>\nAccept cookies\u00a0<br>\n\u2013 All cookies are accepted (by default)\u00a0<br>\nAccept cookies only from the site I visit\u00a0<br>\n\u2013 Third party cookies, from a domain outside the one you are visiting, will be refused\u00a0<br>\nNever accept cookies\u00a0<br>\n\u2013 All cookies will be refused<\/div><\/div><\/div><\/div><\/div>\t\t\t\t\t\t\t\t<\/div>\n\t\t\t\t<\/div>\n\t\t\t\t\t<\/div>\n\t\t\t\t<\/div>\n\t\t<div class=\"elementor-element elementor-element-242e17d e-flex e-con-boxed e-con e-parent\" data-id=\"242e17d\" data-element_type=\"container\">\n\t\t\t\t\t<div class=\"e-con-inner\">\n\t\t\t\t<div class=\"elementor-element elementor-element-1488b87 elementor-widget elementor-widget-heading\" data-id=\"1488b87\" data-element_type=\"widget\" data-widget_type=\"heading.default\">\n\t\t\t\t<div class=\"elementor-widget-container\">\n\t\t\t\t\t<h2 class=\"elementor-heading-title elementor-size-default\">4 - LEGAL NOTICE UPDATE<\/h2>\t\t\t\t<\/div>\n\t\t\t\t<\/div>\n\t\t\t\t<div class=\"elementor-element elementor-element-79f05a9 elementor-widget elementor-widget-text-editor\" data-id=\"79f05a9\" data-element_type=\"widget\" data-widget_type=\"text-editor.default\">\n\t\t\t\t<div class=\"elementor-widget-container\">\n\t\t\t\t\t\t\t\t\t<p>The Administration reserves the right to make any changes or corrections to this cookie notification. Please check this page regularly to review the information and check for updates.<\/p>\t\t\t\t\t\t\t\t<\/div>\n\t\t\t\t<\/div>\n\t\t\t\t\t<\/div>\n\t\t\t\t<\/div>\n\t\t<div class=\"elementor-element elementor-element-14b79f0 e-flex e-con-boxed e-con e-parent\" data-id=\"14b79f0\" data-element_type=\"container\">\n\t\t\t\t\t<div class=\"e-con-inner\">\n\t\t\t\t<div class=\"elementor-element elementor-element-b1b9da7 elementor-widget elementor-widget-text-editor\" data-id=\"b1b9da7\" data-element_type=\"widget\" data-widget_type=\"text-editor.default\">\n\t\t\t\t<div class=\"elementor-widget-container\">\n\t\t\t\t\t\t\t\t\t<p>This notice was updated on <b>2nd February 2025<\/b><\/p>\t\t\t\t\t\t\t\t<\/div>\n\t\t\t\t<\/div>\n\t\t\t\t\t<\/div>\n\t\t\t\t<\/div>\n\t\t\t\t<\/div>","protected":false},"excerpt":{"rendered":"<p>Pol\u00edtica de Cookies Este website utiliza cookies para melhorar o seu servi\u00e7o. 1 \u2013 O QUE S\u00c3O COOKIES? Os\u00a0cookies\u00a0s\u00e3o pequenos ficheiros de texto que um\u00a0website, ao ser visitado pelo utilizador, coloca no seu computador ou no seu dispositivo m\u00f3vel atrav\u00e9s do navegador de internet (browser). A coloca\u00e7\u00e3o de\u00a0cookies\u00a0ajudar\u00e1 o\u00a0site\u00a0a reconhecer o seu dispositivo na pr\u00f3xima [&hellip;]<\/p>","protected":false},"author":1,"featured_media":2577,"parent":0,"menu_order":14,"comment_status":"closed","ping_status":"closed","template":"","meta":{"footnotes":""},"class_list":["post-3","page","type-page","status-publish","has-post-thumbnail","hentry"],"yoast_head":"<!-- This site is optimized with the Yoast SEO plugin v25.8 - https:\/\/yoast.com\/wordpress\/plugins\/seo\/ -->\n<title>Pol\u00edtica de cookies - RESTAURANTE AASM<\/title>\n<meta name=\"robots\" content=\"index, follow, max-snippet:-1, max-image-preview:large, max-video-preview:-1\" \/>\n<link rel=\"canonical\" href=\"https:\/\/restauranteaasm.com\/en\/cookies-policy\/\" \/>\n<meta property=\"og:locale\" content=\"en_GB\" \/>\n<meta property=\"og:type\" content=\"article\" \/>\n<meta property=\"og:title\" content=\"Pol\u00edtica de cookies - RESTAURANTE AASM\" \/>\n<meta property=\"og:description\" content=\"Pol\u00edtica de Cookies Este website utiliza cookies para melhorar o seu servi\u00e7o. 1 \u2013 O QUE S\u00c3O COOKIES? Os\u00a0cookies\u00a0s\u00e3o pequenos ficheiros de texto que um\u00a0website, ao ser visitado pelo utilizador, coloca no seu computador ou no seu dispositivo m\u00f3vel atrav\u00e9s do navegador de internet (browser). A coloca\u00e7\u00e3o de\u00a0cookies\u00a0ajudar\u00e1 o\u00a0site\u00a0a reconhecer o seu dispositivo na pr\u00f3xima [&hellip;]\" \/>\n<meta property=\"og:url\" content=\"https:\/\/restauranteaasm.com\/en\/cookies-policy\/\" \/>\n<meta property=\"og:site_name\" content=\"RESTAURANTE AASM\" \/>\n<meta property=\"article:publisher\" content=\"https:\/\/www.facebook.com\/restauranteaasm\" \/>\n<meta property=\"article:modified_time\" content=\"2025-09-05T04:42:14+00:00\" \/>\n<meta property=\"og:image\" content=\"https:\/\/restauranteaasm.com\/wp-content\/uploads\/2025\/09\/IMG_8268.webp\" \/>\n\t<meta property=\"og:image:width\" content=\"1920\" \/>\n\t<meta property=\"og:image:height\" content=\"1280\" \/>\n\t<meta property=\"og:image:type\" content=\"image\/webp\" \/>\n<meta name=\"twitter:card\" content=\"summary_large_image\" \/>\n<meta name=\"twitter:label1\" content=\"Estimated reading time\" \/>\n\t<meta name=\"twitter:data1\" content=\"5 minutes\" \/>\n<script type=\"application\/ld+json\" class=\"yoast-schema-graph\">{\"@context\":\"https:\/\/schema.org\",\"@graph\":[{\"@type\":\"WebPage\",\"@id\":\"https:\/\/restauranteaasm.com\/cookies-policy\/\",\"url\":\"https:\/\/restauranteaasm.com\/cookies-policy\/\",\"name\":\"Pol\u00edtica de cookies - RESTAURANTE AASM\",\"isPartOf\":{\"@id\":\"https:\/\/restauranteaasm.com\/#website\"},\"primaryImageOfPage\":{\"@id\":\"https:\/\/restauranteaasm.com\/cookies-policy\/#primaryimage\"},\"image\":{\"@id\":\"https:\/\/restauranteaasm.com\/cookies-policy\/#primaryimage\"},\"thumbnailUrl\":\"https:\/\/restauranteaasm.com\/wp-content\/uploads\/2025\/09\/IMG_8268.webp\",\"datePublished\":\"2024-12-30T17:18:42+00:00\",\"dateModified\":\"2025-09-05T04:42:14+00:00\",\"breadcrumb\":{\"@id\":\"https:\/\/restauranteaasm.com\/cookies-policy\/#breadcrumb\"},\"inLanguage\":\"en-GB\",\"potentialAction\":[{\"@type\":\"ReadAction\",\"target\":[\"https:\/\/restauranteaasm.com\/cookies-policy\/\"]}]},{\"@type\":\"ImageObject\",\"inLanguage\":\"en-GB\",\"@id\":\"https:\/\/restauranteaasm.com\/cookies-policy\/#primaryimage\",\"url\":\"https:\/\/restauranteaasm.com\/wp-content\/uploads\/2025\/09\/IMG_8268.webp\",\"contentUrl\":\"https:\/\/restauranteaasm.com\/wp-content\/uploads\/2025\/09\/IMG_8268.webp\",\"width\":1920,\"height\":1280},{\"@type\":\"BreadcrumbList\",\"@id\":\"https:\/\/restauranteaasm.com\/cookies-policy\/#breadcrumb\",\"itemListElement\":[{\"@type\":\"ListItem\",\"position\":1,\"name\":\"In\u00edcio\",\"item\":\"https:\/\/restauranteaasm.com\/\"},{\"@type\":\"ListItem\",\"position\":2,\"name\":\"Pol\u00edtica de cookies\"}]},{\"@type\":\"WebSite\",\"@id\":\"https:\/\/restauranteaasm.com\/#website\",\"url\":\"https:\/\/restauranteaasm.com\/\",\"name\":\"RESTAURANTE AASM\",\"description\":\"O famoso Bife da Associa\u00e7\u00e3o, gastronomia a\u00e7oriana aut\u00eantica, eventos e produtos exclusivos.\",\"publisher\":{\"@id\":\"https:\/\/restauranteaasm.com\/#organization\"},\"potentialAction\":[{\"@type\":\"SearchAction\",\"target\":{\"@type\":\"EntryPoint\",\"urlTemplate\":\"https:\/\/restauranteaasm.com\/?s={search_term_string}\"},\"query-input\":{\"@type\":\"PropertyValueSpecification\",\"valueRequired\":true,\"valueName\":\"search_term_string\"}}],\"inLanguage\":\"en-GB\"},{\"@type\":\"Organization\",\"@id\":\"https:\/\/restauranteaasm.com\/#organization\",\"name\":\"RESTAURANTE AASM\",\"url\":\"https:\/\/restauranteaasm.com\/\",\"logo\":{\"@type\":\"ImageObject\",\"inLanguage\":\"en-GB\",\"@id\":\"https:\/\/restauranteaasm.com\/#\/schema\/logo\/image\/\",\"url\":\"https:\/\/restauranteaasm.com\/wp-content\/uploads\/2024\/12\/cropped-logotipo_AASM-redondo.png\",\"contentUrl\":\"https:\/\/restauranteaasm.com\/wp-content\/uploads\/2024\/12\/cropped-logotipo_AASM-redondo.png\",\"width\":512,\"height\":512,\"caption\":\"RESTAURANTE AASM\"},\"image\":{\"@id\":\"https:\/\/restauranteaasm.com\/#\/schema\/logo\/image\/\"},\"sameAs\":[\"https:\/\/www.facebook.com\/restauranteaasm\",\"https:\/\/www.instagram.com\/restauranteaasm\",\"https:\/\/www.tripadvisor.pt\/Restaurant_Review-g616221-d2283129-Reviews-Restaurante_da_Associacao_Agricola_de_Sao_Miguel-Ribeira_Grande_Sao_Miguel_Azores.html\"]}]}<\/script>\n<!-- \/ Yoast SEO plugin. -->","yoast_head_json":{"title":"Pol\u00edtica de cookies - RESTAURANTE AASM","robots":{"index":"index","follow":"follow","max-snippet":"max-snippet:-1","max-image-preview":"max-image-preview:large","max-video-preview":"max-video-preview:-1"},"canonical":"https:\/\/restauranteaasm.com\/en\/cookies-policy\/","og_locale":"en_GB","og_type":"article","og_title":"Pol\u00edtica de cookies - RESTAURANTE AASM","og_description":"Pol\u00edtica de Cookies Este website utiliza cookies para melhorar o seu servi\u00e7o. 1 \u2013 O QUE S\u00c3O COOKIES? Os\u00a0cookies\u00a0s\u00e3o pequenos ficheiros de texto que um\u00a0website, ao ser visitado pelo utilizador, coloca no seu computador ou no seu dispositivo m\u00f3vel atrav\u00e9s do navegador de internet (browser). A coloca\u00e7\u00e3o de\u00a0cookies\u00a0ajudar\u00e1 o\u00a0site\u00a0a reconhecer o seu dispositivo na pr\u00f3xima [&hellip;]","og_url":"https:\/\/restauranteaasm.com\/en\/cookies-policy\/","og_site_name":"RESTAURANTE AASM","article_publisher":"https:\/\/www.facebook.com\/restauranteaasm","article_modified_time":"2025-09-05T04:42:14+00:00","og_image":[{"width":1920,"height":1280,"url":"https:\/\/restauranteaasm.com\/wp-content\/uploads\/2025\/09\/IMG_8268.webp","type":"image\/webp"}],"twitter_card":"summary_large_image","twitter_misc":{"Estimated reading time":"5 minutes"},"schema":{"@context":"https:\/\/schema.org","@graph":[{"@type":"WebPage","@id":"https:\/\/restauranteaasm.com\/cookies-policy\/","url":"https:\/\/restauranteaasm.com\/cookies-policy\/","name":"Pol\u00edtica de cookies - RESTAURANTE AASM","isPartOf":{"@id":"https:\/\/restauranteaasm.com\/#website"},"primaryImageOfPage":{"@id":"https:\/\/restauranteaasm.com\/cookies-policy\/#primaryimage"},"image":{"@id":"https:\/\/restauranteaasm.com\/cookies-policy\/#primaryimage"},"thumbnailUrl":"https:\/\/restauranteaasm.com\/wp-content\/uploads\/2025\/09\/IMG_8268.webp","datePublished":"2024-12-30T17:18:42+00:00","dateModified":"2025-09-05T04:42:14+00:00","breadcrumb":{"@id":"https:\/\/restauranteaasm.com\/cookies-policy\/#breadcrumb"},"inLanguage":"en-GB","potentialAction":[{"@type":"ReadAction","target":["https:\/\/restauranteaasm.com\/cookies-policy\/"]}]},{"@type":"ImageObject","inLanguage":"en-GB","@id":"https:\/\/restauranteaasm.com\/cookies-policy\/#primaryimage","url":"https:\/\/restauranteaasm.com\/wp-content\/uploads\/2025\/09\/IMG_8268.webp","contentUrl":"https:\/\/restauranteaasm.com\/wp-content\/uploads\/2025\/09\/IMG_8268.webp","width":1920,"height":1280},{"@type":"BreadcrumbList","@id":"https:\/\/restauranteaasm.com\/cookies-policy\/#breadcrumb","itemListElement":[{"@type":"ListItem","position":1,"name":"In\u00edcio","item":"https:\/\/restauranteaasm.com\/"},{"@type":"ListItem","position":2,"name":"Pol\u00edtica de cookies"}]},{"@type":"WebSite","@id":"https:\/\/restauranteaasm.com\/#website","url":"https:\/\/restauranteaasm.com\/","name":"RESTAURANTE AASM","description":"O famoso Bife da Associa\u00e7\u00e3o, gastronomia a\u00e7oriana aut\u00eantica, eventos e produtos exclusivos.","publisher":{"@id":"https:\/\/restauranteaasm.com\/#organization"},"potentialAction":[{"@type":"SearchAction","target":{"@type":"EntryPoint","urlTemplate":"https:\/\/restauranteaasm.com\/?s={search_term_string}"},"query-input":{"@type":"PropertyValueSpecification","valueRequired":true,"valueName":"search_term_string"}}],"inLanguage":"en-GB"},{"@type":"Organization","@id":"https:\/\/restauranteaasm.com\/#organization","name":"RESTAURANTE AASM","url":"https:\/\/restauranteaasm.com\/","logo":{"@type":"ImageObject","inLanguage":"en-GB","@id":"https:\/\/restauranteaasm.com\/#\/schema\/logo\/image\/","url":"https:\/\/restauranteaasm.com\/wp-content\/uploads\/2024\/12\/cropped-logotipo_AASM-redondo.png","contentUrl":"https:\/\/restauranteaasm.com\/wp-content\/uploads\/2024\/12\/cropped-logotipo_AASM-redondo.png","width":512,"height":512,"caption":"RESTAURANTE AASM"},"image":{"@id":"https:\/\/restauranteaasm.com\/#\/schema\/logo\/image\/"},"sameAs":["https:\/\/www.facebook.com\/restauranteaasm","https:\/\/www.instagram.com\/restauranteaasm","https:\/\/www.tripadvisor.pt\/Restaurant_Review-g616221-d2283129-Reviews-Restaurante_da_Associacao_Agricola_de_Sao_Miguel-Ribeira_Grande_Sao_Miguel_Azores.html"]}]}},"_links":{"self":[{"href":"https:\/\/restauranteaasm.com\/en\/wp-json\/wp\/v2\/pages\/3","targetHints":{"allow":["GET"]}}],"collection":[{"href":"https:\/\/restauranteaasm.com\/en\/wp-json\/wp\/v2\/pages"}],"about":[{"href":"https:\/\/restauranteaasm.com\/en\/wp-json\/wp\/v2\/types\/page"}],"author":[{"embeddable":true,"href":"https:\/\/restauranteaasm.com\/en\/wp-json\/wp\/v2\/users\/1"}],"replies":[{"embeddable":true,"href":"https:\/\/restauranteaasm.com\/en\/wp-json\/wp\/v2\/comments?post=3"}],"version-history":[{"count":0,"href":"https:\/\/restauranteaasm.com\/en\/wp-json\/wp\/v2\/pages\/3\/revisions"}],"wp:featuredmedia":[{"embeddable":true,"href":"https:\/\/restauranteaasm.com\/en\/wp-json\/wp\/v2\/media\/2577"}],"wp:attachment":[{"href":"https:\/\/restauranteaasm.com\/en\/wp-json\/wp\/v2\/media?parent=3"}],"curies":[{"name":"wp","href":"https:\/\/api.w.org\/{rel}","templated":true}]}}