{"id":1761,"date":"2025-01-14T22:50:23","date_gmt":"2025-01-14T23:50:23","guid":{"rendered":"https:\/\/restauranteaasm.com\/allergens-2\/"},"modified":"2025-09-05T03:58:41","modified_gmt":"2025-09-05T04:58:41","slug":"contacts","status":"publish","type":"page","link":"https:\/\/restauranteaasm.com\/en\/contacts\/","title":{"rendered":"CONTACTOS"},"content":{"rendered":"<div data-elementor-type=\"wp-page\" data-elementor-id=\"1761\" class=\"elementor elementor-1761\" data-elementor-post-type=\"page\">\n\t\t\t\t<div class=\"elementor-element elementor-element-e9575ed e-flex e-con-boxed e-con e-parent\" data-id=\"e9575ed\" data-element_type=\"container\" data-settings=\"{&quot;background_background&quot;:&quot;classic&quot;}\">\n\t\t\t\t\t<div class=\"e-con-inner\">\n\t\t<div class=\"elementor-element elementor-element-1335796 e-con-full e-flex e-con e-child\" data-id=\"1335796\" data-element_type=\"container\">\n\t\t\t\t<div class=\"elementor-element elementor-element-0a41c4c elementor-invisible elementor-widget elementor-widget-heading\" data-id=\"0a41c4c\" data-element_type=\"widget\" data-settings=\"{&quot;_animation&quot;:&quot;fadeInUp&quot;}\" data-widget_type=\"heading.default\">\n\t\t\t\t<div class=\"elementor-widget-container\">\n\t\t\t\t\t<h1 class=\"elementor-heading-title elementor-size-default\">Contacts<\/h1>\t\t\t\t<\/div>\n\t\t\t\t<\/div>\n\t\t\t\t<\/div>\n\t\t\t\t\t<\/div>\n\t\t\t\t<\/div>\n\t\t<div class=\"elementor-element elementor-element-125b2b3 e-flex e-con-boxed e-con e-parent\" data-id=\"125b2b3\" data-element_type=\"container\" data-settings=\"{&quot;background_background&quot;:&quot;gradient&quot;}\">\n\t\t\t\t\t<div class=\"e-con-inner\">\n\t\t\t\t\t<\/div>\n\t\t\t\t<\/div>\n\t\t<div class=\"elementor-element elementor-element-c309f87 e-flex e-con-boxed e-con e-parent\" data-id=\"c309f87\" data-element_type=\"container\">\n\t\t\t\t\t<div class=\"e-con-inner\">\n\t\t<div class=\"elementor-element elementor-element-0253257 e-con-full e-flex elementor-invisible e-con e-child\" data-id=\"0253257\" data-element_type=\"container\" data-settings=\"{&quot;animation&quot;:&quot;fadeInUp&quot;}\">\n\t\t\t\t<div class=\"elementor-element elementor-element-9020394 elementor-position-left elementor-tablet-position-top elementor-view-default elementor-mobile-position-top elementor-widget elementor-widget-icon-box\" data-id=\"9020394\" data-element_type=\"widget\" data-widget_type=\"icon-box.default\">\n\t\t\t\t<div class=\"elementor-widget-container\">\n\t\t\t\t\t\t\t<div class=\"elementor-icon-box-wrapper\">\n\n\t\t\t\t\t\t<div class=\"elementor-icon-box-icon\">\n\t\t\t\t<span  class=\"elementor-icon\">\n\t\t\t\t<svg xmlns=\"http:\/\/www.w3.org\/2000\/svg\" xmlns:xlink=\"http:\/\/www.w3.org\/1999\/xlink\" id=\"Layer_1\" x=\"0px\" y=\"0px\" viewbox=\"0 0 512 512\" style=\"enable-background:new 0 0 512 512;\" xml:space=\"preserve\"><g>\t<g>\t\t<path d=\"M256,0C153.755,0,70.573,83.182,70.573,185.426c0,126.888,165.939,313.167,173.004,321.035   c6.636,7.391,18.222,7.378,24.846,0c7.065-7.868,173.004-194.147,173.004-321.035C441.425,83.182,358.244,0,256,0z M256,469.729   c-55.847-66.338-152.035-197.217-152.035-284.301c0-83.834,68.202-152.036,152.035-152.036s152.035,68.202,152.035,152.035   C408.034,272.515,311.861,403.37,256,469.729z\"><\/path>\t<\/g><\/g><g>\t<g>\t\t<path d=\"M256,92.134c-51.442,0-93.292,41.851-93.292,93.293s41.851,93.293,93.292,93.293s93.291-41.851,93.291-93.293   S307.441,92.134,256,92.134z M256,245.328c-33.03,0-59.9-26.871-59.9-59.901s26.871-59.901,59.9-59.901s59.9,26.871,59.9,59.901   S289.029,245.328,256,245.328z\"><\/path>\t<\/g><\/g><g><\/g><g><\/g><g><\/g><g><\/g><g><\/g><g><\/g><g><\/g><g><\/g><g><\/g><g><\/g><g><\/g><g><\/g><g><\/g><g><\/g><g><\/g><\/svg>\t\t\t\t<\/span>\n\t\t\t<\/div>\n\t\t\t\n\t\t\t\t\t\t<div class=\"elementor-icon-box-content\">\n\n\t\t\t\t\t\t\t\t\t<h3 class=\"elementor-icon-box-title\">\n\t\t\t\t\t\t<span  >\n\t\t\t\t\t\t\tAddress\t\t\t\t\t\t<\/span>\n\t\t\t\t\t<\/h3>\n\t\t\t\t\n\t\t\t\t\n\t\t\t<\/div>\n\t\t\t\n\t\t<\/div>\n\t\t\t\t\t\t<\/div>\n\t\t\t\t<\/div>\n\t\t\t\t<div class=\"elementor-element elementor-element-0546fcc elementor-widget elementor-widget-text-editor\" data-id=\"0546fcc\" data-element_type=\"widget\" data-widget_type=\"text-editor.default\">\n\t\t\t\t<div class=\"elementor-widget-container\">\n\t\t\t\t\t\t\t\t\t<p>Recinto da Feira, Campo de Santana, 9600-096 Ribeira Grande<\/p>\t\t\t\t\t\t\t\t<\/div>\n\t\t\t\t<\/div>\n\t\t\t\t<div class=\"elementor-element elementor-element-f4ed260 elementor-tablet-align-center elementor-widget elementor-widget-button\" data-id=\"f4ed260\" data-element_type=\"widget\" data-widget_type=\"button.default\">\n\t\t\t\t<div class=\"elementor-widget-container\">\n\t\t\t\t\t\t\t\t\t<div class=\"elementor-button-wrapper\">\n\t\t\t\t\t<a class=\"elementor-button elementor-button-link elementor-size-sm\" href=\"https:\/\/maps.app.goo.gl\/nE3avQZkHk7azNuz7\" target=\"_blank\">\n\t\t\t\t\t\t<span class=\"elementor-button-content-wrapper\">\n\t\t\t\t\t\t\t\t\t<span class=\"elementor-button-text\">GET DIRECTIONS <\/span>\n\t\t\t\t\t<\/span>\n\t\t\t\t\t<\/a>\n\t\t\t\t<\/div>\n\t\t\t\t\t\t\t\t<\/div>\n\t\t\t\t<\/div>\n\t\t\t\t<\/div>\n\t\t<div class=\"elementor-element elementor-element-637fe69 e-con-full e-flex elementor-invisible e-con e-child\" data-id=\"637fe69\" data-element_type=\"container\" data-settings=\"{&quot;animation&quot;:&quot;fadeInUp&quot;}\">\n\t\t\t\t<div class=\"elementor-element elementor-element-efc8374 elementor-position-left elementor-tablet-position-top elementor-view-default elementor-mobile-position-top elementor-widget elementor-widget-icon-box\" data-id=\"efc8374\" data-element_type=\"widget\" data-widget_type=\"icon-box.default\">\n\t\t\t\t<div class=\"elementor-widget-container\">\n\t\t\t\t\t\t\t<div class=\"elementor-icon-box-wrapper\">\n\n\t\t\t\t\t\t<div class=\"elementor-icon-box-icon\">\n\t\t\t\t<span  class=\"elementor-icon\">\n\t\t\t\t<svg xmlns=\"http:\/\/www.w3.org\/2000\/svg\" height=\"512\" viewbox=\"0 0 32 32\" width=\"512\"><g id=\"Layer_3\" data-name=\"Layer 3\"><path d=\"m30.035 22.594c-.053-.044-6.042-4.33-7.667-4.049-.781.138-1.228.67-2.123 1.737-.144.172-.491.583-.759.876a12.458 12.458 0 0 1 -1.651-.672 13.7 13.7 0 0 1 -6.321-6.321 12.458 12.458 0 0 1 -.672-1.651c.294-.269.706-.616.882-.764 1.061-.89 1.593-1.337 1.731-2.119.283-1.619-4.005-7.613-4.049-7.667a2.289 2.289 0 0 0 -1.706-.964c-1.738 0-6.7 6.436-6.7 7.521 0 .063.091 6.467 7.988 14.5 8.024 7.888 14.428 7.979 14.491 7.979 1.085 0 7.521-4.962 7.521-6.7a2.287 2.287 0 0 0 -.965-1.706zm-6.666 6.4c-.874-.072-6.248-.781-12.967-7.382-6.635-6.755-7.326-12.144-7.395-12.979a27.054 27.054 0 0 1 4.706-5.561c.04.04.093.1.161.178a35.391 35.391 0 0 1 3.574 6.063 11.886 11.886 0 0 1 -1.016.911 10.033 10.033 0 0 0 -1.512 1.422l-.243.34.072.411a11.418 11.418 0 0 0 .965 2.641 15.71 15.71 0 0 0 7.248 7.247 11.389 11.389 0 0 0 2.641.966l.411.072.34-.243a10.117 10.117 0 0 0 1.428-1.518c.313-.374.732-.873.89-1.014a35.163 35.163 0 0 1 6.078 3.578c.083.07.141.124.18.159a27.031 27.031 0 0 1 -5.561 4.707z\"><\/path><\/g><\/svg>\t\t\t\t<\/span>\n\t\t\t<\/div>\n\t\t\t\n\t\t\t\t\t\t<div class=\"elementor-icon-box-content\">\n\n\t\t\t\t\t\t\t\t\t<h3 class=\"elementor-icon-box-title\">\n\t\t\t\t\t\t<span  >\n\t\t\t\t\t\t\tContacts\t\t\t\t\t\t<\/span>\n\t\t\t\t\t<\/h3>\n\t\t\t\t\n\t\t\t\t\n\t\t\t<\/div>\n\t\t\t\n\t\t<\/div>\n\t\t\t\t\t\t<\/div>\n\t\t\t\t<\/div>\n\t\t\t\t<div class=\"elementor-element elementor-element-5dc1b0e elementor-tablet-align-center elementor-icon-list--layout-traditional elementor-list-item-link-full_width elementor-widget elementor-widget-icon-list\" data-id=\"5dc1b0e\" data-element_type=\"widget\" data-widget_type=\"icon-list.default\">\n\t\t\t\t<div class=\"elementor-widget-container\">\n\t\t\t\t\t\t\t<ul class=\"elementor-icon-list-items\">\n\t\t\t\t\t\t\t<li class=\"elementor-icon-list-item\">\n\t\t\t\t\t\t\t\t\t\t\t<a href=\"tel:+351296490001\">\n\n\t\t\t\t\t\t\t\t\t\t\t\t<span class=\"elementor-icon-list-icon\">\n\t\t\t\t\t\t\t<svg xmlns=\"http:\/\/www.w3.org\/2000\/svg\" height=\"512\" viewbox=\"0 0 32 32\" width=\"512\"><g id=\"Layer_3\" data-name=\"Layer 3\"><path d=\"m30.035 22.594c-.053-.044-6.042-4.33-7.667-4.049-.781.138-1.228.67-2.123 1.737-.144.172-.491.583-.759.876a12.458 12.458 0 0 1 -1.651-.672 13.7 13.7 0 0 1 -6.321-6.321 12.458 12.458 0 0 1 -.672-1.651c.294-.269.706-.616.882-.764 1.061-.89 1.593-1.337 1.731-2.119.283-1.619-4.005-7.613-4.049-7.667a2.289 2.289 0 0 0 -1.706-.964c-1.738 0-6.7 6.436-6.7 7.521 0 .063.091 6.467 7.988 14.5 8.024 7.888 14.428 7.979 14.491 7.979 1.085 0 7.521-4.962 7.521-6.7a2.287 2.287 0 0 0 -.965-1.706zm-6.666 6.4c-.874-.072-6.248-.781-12.967-7.382-6.635-6.755-7.326-12.144-7.395-12.979a27.054 27.054 0 0 1 4.706-5.561c.04.04.093.1.161.178a35.391 35.391 0 0 1 3.574 6.063 11.886 11.886 0 0 1 -1.016.911 10.033 10.033 0 0 0 -1.512 1.422l-.243.34.072.411a11.418 11.418 0 0 0 .965 2.641 15.71 15.71 0 0 0 7.248 7.247 11.389 11.389 0 0 0 2.641.966l.411.072.34-.243a10.117 10.117 0 0 0 1.428-1.518c.313-.374.732-.873.89-1.014a35.163 35.163 0 0 1 6.078 3.578c.083.07.141.124.18.159a27.031 27.031 0 0 1 -5.561 4.707z\"><\/path><\/g><\/svg>\t\t\t\t\t\t<\/span>\n\t\t\t\t\t\t\t\t\t\t<span class=\"elementor-icon-list-text\">(+351) 296 490 001*<\/span>\n\t\t\t\t\t\t\t\t\t\t\t<\/a>\n\t\t\t\t\t\t\t\t\t<\/li>\n\t\t\t\t\t\t\t\t<li class=\"elementor-icon-list-item\">\n\t\t\t\t\t\t\t\t\t\t\t<a href=\"tel:+351925248307\">\n\n\t\t\t\t\t\t\t\t\t\t\t\t<span class=\"elementor-icon-list-icon\">\n\t\t\t\t\t\t\t<i aria-hidden=\"true\" class=\"xlwpf wppb-font-iphone\"><\/i>\t\t\t\t\t\t<\/span>\n\t\t\t\t\t\t\t\t\t\t<span class=\"elementor-icon-list-text\">(+351) 925 248 307**<\/span>\n\t\t\t\t\t\t\t\t\t\t\t<\/a>\n\t\t\t\t\t\t\t\t\t<\/li>\n\t\t\t\t\t\t\t\t<li class=\"elementor-icon-list-item\">\n\t\t\t\t\t\t\t\t\t\t\t<a href=\"tel:+351926385995\">\n\n\t\t\t\t\t\t\t\t\t\t\t\t<span class=\"elementor-icon-list-icon\">\n\t\t\t\t\t\t\t<i aria-hidden=\"true\" class=\"xlwpf wppb-font-iphone\"><\/i>\t\t\t\t\t\t<\/span>\n\t\t\t\t\t\t\t\t\t\t<span class=\"elementor-icon-list-text\">(+351) 926 385 995**<\/span>\n\t\t\t\t\t\t\t\t\t\t\t<\/a>\n\t\t\t\t\t\t\t\t\t<\/li>\n\t\t\t\t\t\t\t\t<li class=\"elementor-icon-list-item\">\n\t\t\t\t\t\t\t\t\t\t\t<span class=\"elementor-icon-list-icon\">\n\t\t\t\t\t\t\t<svg xmlns=\"http:\/\/www.w3.org\/2000\/svg\" xmlns:xlink=\"http:\/\/www.w3.org\/1999\/xlink\" id=\"Capa_1\" x=\"0px\" y=\"0px\" viewbox=\"0 0 512 512\" style=\"enable-background:new 0 0 512 512;\" xml:space=\"preserve\"><g>\t<g>\t\t<path d=\"M467,76H45C20.238,76,0,96.149,0,121v270c0,24.86,20.251,45,45,45h422c24.762,0,45-20.149,45-45V121   C512,96.143,491.752,76,467,76z M460.09,106c-14.549,14.597-185.445,186.05-192.466,193.094c-5.864,5.882-17.381,5.886-23.248,0   L51.91,106H460.09z M30,385.485v-258.97L159.065,256L30,385.485z M51.91,406l128.334-128.752l42.885,43.025   c17.574,17.631,48.175,17.624,65.743,0l42.885-43.024L460.09,406H51.91z M482,385.485L352.935,256L482,126.515V385.485z\"><\/path>\t<\/g><\/g><g><\/g><g><\/g><g><\/g><g><\/g><g><\/g><g><\/g><g><\/g><g><\/g><g><\/g><g><\/g><g><\/g><g><\/g><g><\/g><g><\/g><g><\/g><\/svg>\t\t\t\t\t\t<\/span>\n\t\t\t\t\t\t\t\t\t\t<span class=\"elementor-icon-list-text\">restauranteaasm@gmail.com<\/span>\n\t\t\t\t\t\t\t\t\t<\/li>\n\t\t\t\t\t\t<\/ul>\n\t\t\t\t\t\t<\/div>\n\t\t\t\t<\/div>\n\t\t\t\t<\/div>\n\t\t<div class=\"elementor-element elementor-element-72599b7 e-con-full e-flex elementor-invisible e-con e-child\" data-id=\"72599b7\" data-element_type=\"container\" data-settings=\"{&quot;animation&quot;:&quot;fadeInUp&quot;}\">\n\t\t\t\t<div class=\"elementor-element elementor-element-a3adb53 elementor-position-left elementor-tablet-position-top elementor-view-default elementor-mobile-position-top elementor-widget elementor-widget-icon-box\" data-id=\"a3adb53\" data-element_type=\"widget\" data-widget_type=\"icon-box.default\">\n\t\t\t\t<div class=\"elementor-widget-container\">\n\t\t\t\t\t\t\t<div class=\"elementor-icon-box-wrapper\">\n\n\t\t\t\t\t\t<div class=\"elementor-icon-box-icon\">\n\t\t\t\t<span  class=\"elementor-icon\">\n\t\t\t\t<i aria-hidden=\"true\" class=\"xlwpf wppb-font-clock\"><\/i>\t\t\t\t<\/span>\n\t\t\t<\/div>\n\t\t\t\n\t\t\t\t\t\t<div class=\"elementor-icon-box-content\">\n\n\t\t\t\t\t\t\t\t\t<h3 class=\"elementor-icon-box-title\">\n\t\t\t\t\t\t<span  >\n\t\t\t\t\t\t\tSchedule \t\t\t\t\t\t<\/span>\n\t\t\t\t\t<\/h3>\n\t\t\t\t\n\t\t\t\t\n\t\t\t<\/div>\n\t\t\t\n\t\t<\/div>\n\t\t\t\t\t\t<\/div>\n\t\t\t\t<\/div>\n\t\t\t\t<div class=\"elementor-element elementor-element-0d5d030 elementor-widget elementor-widget-text-editor\" data-id=\"0d5d030\" data-element_type=\"widget\" data-widget_type=\"text-editor.default\">\n\t\t\t\t<div class=\"elementor-widget-container\">\n\t\t\t\t\t\t\t\t\tOpen every day<br>\n12:00 to 22:00\t\t\t\t\t\t\t\t<\/div>\n\t\t\t\t<\/div>\n\t\t\t\t<\/div>\n\t\t\t\t\t<\/div>\n\t\t\t\t<\/div>\n\t\t<div class=\"elementor-element elementor-element-198dd16 e-con-full e-flex elementor-invisible e-con e-parent\" data-id=\"198dd16\" data-element_type=\"container\" data-settings=\"{&quot;animation&quot;:&quot;fadeInUp&quot;}\">\n\t\t\t\t<div class=\"elementor-element elementor-element-f5aa61b elementor-widget elementor-widget-google_maps\" data-id=\"f5aa61b\" data-element_type=\"widget\" data-widget_type=\"google_maps.default\">\n\t\t\t\t<div class=\"elementor-widget-container\">\n\t\t\t\t\t\t\t<div class=\"elementor-custom-embed\">\n\t\t\t<iframe loading=\"lazy\"\n\t\t\t\t\tsrc=\"https:\/\/maps.google.com\/maps?q=Restaurante%20associa%C3%A7%C3%A3o%20agr%C3%ADcola%20de%20s%C3%A3o%20Miguel%20&#038;t=m&#038;z=12&#038;output=embed&#038;iwloc=near\"\n\t\t\t\t\ttitle=\"Restaurante associa\u00e7\u00e3o agr\u00edcola de s\u00e3o Miguel \"\n\t\t\t\t\taria-label=\"Restaurante associa\u00e7\u00e3o agr\u00edcola de s\u00e3o Miguel \"\n\t\t\t><\/iframe>\n\t\t<\/div>\n\t\t\t\t\t\t<\/div>\n\t\t\t\t<\/div>\n\t\t\t\t<\/div>\n\t\t\t\t<\/div>","protected":false},"excerpt":{"rendered":"<p>Entre em contacto com o Restaurante da Associa\u00e7\u00e3o Agr\u00edcola de S\u00e3o Miguel para reservas, eventos e informa\u00e7\u00f5es sobre os nossos servi\u00e7os.<\/p>","protected":false},"author":1,"featured_media":2203,"parent":0,"menu_order":10,"comment_status":"closed","ping_status":"closed","template":"elementor_header_footer","meta":{"footnotes":""},"class_list":["post-1761","page","type-page","status-publish","has-post-thumbnail","hentry"],"yoast_head":"<!-- This site is optimized with the Yoast SEO plugin v25.8 - https:\/\/yoast.com\/wordpress\/plugins\/seo\/ -->\n<title>CONTACTOS - RESTAURANTE AASM<\/title>\n<meta name=\"description\" content=\"Entre em contacto com o Restaurante da Associa\u00e7\u00e3o Agr\u00edcola de S\u00e3o Miguel para reservas, eventos e informa\u00e7\u00f5es sobre os nossos servi\u00e7os.\" \/>\n<meta name=\"robots\" content=\"index, follow, max-snippet:-1, max-image-preview:large, max-video-preview:-1\" \/>\n<link rel=\"canonical\" href=\"https:\/\/restauranteaasm.com\/en\/contacts\/\" \/>\n<meta property=\"og:locale\" content=\"en_GB\" \/>\n<meta property=\"og:type\" content=\"article\" \/>\n<meta property=\"og:title\" content=\"CONTACTOS - RESTAURANTE AASM\" \/>\n<meta property=\"og:description\" content=\"Entre em contacto com o Restaurante da Associa\u00e7\u00e3o Agr\u00edcola de S\u00e3o Miguel para reservas, eventos e informa\u00e7\u00f5es sobre os nossos servi\u00e7os.\" \/>\n<meta property=\"og:url\" content=\"https:\/\/restauranteaasm.com\/en\/contacts\/\" \/>\n<meta property=\"og:site_name\" content=\"RESTAURANTE AASM\" \/>\n<meta property=\"article:publisher\" content=\"https:\/\/www.facebook.com\/restauranteaasm\" \/>\n<meta property=\"article:modified_time\" content=\"2025-09-05T04:58:41+00:00\" \/>\n<meta property=\"og:image\" content=\"https:\/\/restauranteaasm.com\/wp-content\/uploads\/2025\/05\/A6507435.webp\" \/>\n\t<meta property=\"og:image:width\" content=\"1920\" \/>\n\t<meta property=\"og:image:height\" content=\"1280\" \/>\n\t<meta property=\"og:image:type\" content=\"image\/webp\" \/>\n<meta name=\"twitter:card\" content=\"summary_large_image\" \/>\n<meta name=\"twitter:label1\" content=\"Estimated reading time\" \/>\n\t<meta name=\"twitter:data1\" content=\"1 minute\" \/>\n<script type=\"application\/ld+json\" class=\"yoast-schema-graph\">{\"@context\":\"https:\/\/schema.org\",\"@graph\":[{\"@type\":\"WebPage\",\"@id\":\"https:\/\/restauranteaasm.com\/contacts\/\",\"url\":\"https:\/\/restauranteaasm.com\/contacts\",\"name\":\"CONTACTOS - RESTAURANTE AASM\",\"isPartOf\":{\"@id\":\"https:\/\/restauranteaasm.com\/#website\"},\"primaryImageOfPage\":{\"@id\":\"https:\/\/restauranteaasm.com\/contacts#primaryimage\"},\"image\":{\"@id\":\"https:\/\/restauranteaasm.com\/contacts#primaryimage\"},\"thumbnailUrl\":\"https:\/\/restauranteaasm.com\/wp-content\/uploads\/2025\/05\/A6507435.webp\",\"datePublished\":\"2025-01-14T23:50:23+00:00\",\"dateModified\":\"2025-09-05T04:58:41+00:00\",\"description\":\"Entre em contacto com o Restaurante da Associa\u00e7\u00e3o Agr\u00edcola de S\u00e3o Miguel para reservas, eventos e informa\u00e7\u00f5es sobre os nossos servi\u00e7os.\",\"breadcrumb\":{\"@id\":\"https:\/\/restauranteaasm.com\/contacts#breadcrumb\"},\"inLanguage\":\"en-GB\",\"potentialAction\":[{\"@type\":\"ReadAction\",\"target\":[\"https:\/\/restauranteaasm.com\/contacts\"]}]},{\"@type\":\"ImageObject\",\"inLanguage\":\"en-GB\",\"@id\":\"https:\/\/restauranteaasm.com\/contacts#primaryimage\",\"url\":\"https:\/\/restauranteaasm.com\/wp-content\/uploads\/2025\/05\/A6507435.webp\",\"contentUrl\":\"https:\/\/restauranteaasm.com\/wp-content\/uploads\/2025\/05\/A6507435.webp\",\"width\":1920,\"height\":1280},{\"@type\":\"BreadcrumbList\",\"@id\":\"https:\/\/restauranteaasm.com\/contacts#breadcrumb\",\"itemListElement\":[{\"@type\":\"ListItem\",\"position\":1,\"name\":\"In\u00edcio\",\"item\":\"https:\/\/restauranteaasm.com\/\"},{\"@type\":\"ListItem\",\"position\":2,\"name\":\"Contactos\"}]},{\"@type\":\"WebSite\",\"@id\":\"https:\/\/restauranteaasm.com\/#website\",\"url\":\"https:\/\/restauranteaasm.com\/\",\"name\":\"RESTAURANTE AASM\",\"description\":\"O famoso Bife da Associa\u00e7\u00e3o, gastronomia a\u00e7oriana aut\u00eantica, eventos e produtos exclusivos.\",\"publisher\":{\"@id\":\"https:\/\/restauranteaasm.com\/#organization\"},\"potentialAction\":[{\"@type\":\"SearchAction\",\"target\":{\"@type\":\"EntryPoint\",\"urlTemplate\":\"https:\/\/restauranteaasm.com\/?s={search_term_string}\"},\"query-input\":{\"@type\":\"PropertyValueSpecification\",\"valueRequired\":true,\"valueName\":\"search_term_string\"}}],\"inLanguage\":\"en-GB\"},{\"@type\":\"Organization\",\"@id\":\"https:\/\/restauranteaasm.com\/#organization\",\"name\":\"RESTAURANTE AASM\",\"url\":\"https:\/\/restauranteaasm.com\/\",\"logo\":{\"@type\":\"ImageObject\",\"inLanguage\":\"en-GB\",\"@id\":\"https:\/\/restauranteaasm.com\/#\/schema\/logo\/image\/\",\"url\":\"https:\/\/restauranteaasm.com\/wp-content\/uploads\/2024\/12\/cropped-logotipo_AASM-redondo.png\",\"contentUrl\":\"https:\/\/restauranteaasm.com\/wp-content\/uploads\/2024\/12\/cropped-logotipo_AASM-redondo.png\",\"width\":512,\"height\":512,\"caption\":\"RESTAURANTE AASM\"},\"image\":{\"@id\":\"https:\/\/restauranteaasm.com\/#\/schema\/logo\/image\/\"},\"sameAs\":[\"https:\/\/www.facebook.com\/restauranteaasm\",\"https:\/\/www.instagram.com\/restauranteaasm\",\"https:\/\/www.tripadvisor.pt\/Restaurant_Review-g616221-d2283129-Reviews-Restaurante_da_Associacao_Agricola_de_Sao_Miguel-Ribeira_Grande_Sao_Miguel_Azores.html\"]}]}<\/script>\n<!-- \/ Yoast SEO plugin. -->","yoast_head_json":{"title":"CONTACTOS - RESTAURANTE AASM","description":"Entre em contacto com o Restaurante da Associa\u00e7\u00e3o Agr\u00edcola de S\u00e3o Miguel para reservas, eventos e informa\u00e7\u00f5es sobre os nossos servi\u00e7os.","robots":{"index":"index","follow":"follow","max-snippet":"max-snippet:-1","max-image-preview":"max-image-preview:large","max-video-preview":"max-video-preview:-1"},"canonical":"https:\/\/restauranteaasm.com\/en\/contacts\/","og_locale":"en_GB","og_type":"article","og_title":"CONTACTOS - RESTAURANTE AASM","og_description":"Entre em contacto com o Restaurante da Associa\u00e7\u00e3o Agr\u00edcola de S\u00e3o Miguel para reservas, eventos e informa\u00e7\u00f5es sobre os nossos servi\u00e7os.","og_url":"https:\/\/restauranteaasm.com\/en\/contacts\/","og_site_name":"RESTAURANTE AASM","article_publisher":"https:\/\/www.facebook.com\/restauranteaasm","article_modified_time":"2025-09-05T04:58:41+00:00","og_image":[{"width":1920,"height":1280,"url":"https:\/\/restauranteaasm.com\/wp-content\/uploads\/2025\/05\/A6507435.webp","type":"image\/webp"}],"twitter_card":"summary_large_image","twitter_misc":{"Estimated reading time":"1 minute"},"schema":{"@context":"https:\/\/schema.org","@graph":[{"@type":"WebPage","@id":"https:\/\/restauranteaasm.com\/contacts\/","url":"https:\/\/restauranteaasm.com\/contacts","name":"CONTACTOS - RESTAURANTE AASM","isPartOf":{"@id":"https:\/\/restauranteaasm.com\/#website"},"primaryImageOfPage":{"@id":"https:\/\/restauranteaasm.com\/contacts#primaryimage"},"image":{"@id":"https:\/\/restauranteaasm.com\/contacts#primaryimage"},"thumbnailUrl":"https:\/\/restauranteaasm.com\/wp-content\/uploads\/2025\/05\/A6507435.webp","datePublished":"2025-01-14T23:50:23+00:00","dateModified":"2025-09-05T04:58:41+00:00","description":"Entre em contacto com o Restaurante da Associa\u00e7\u00e3o Agr\u00edcola de S\u00e3o Miguel para reservas, eventos e informa\u00e7\u00f5es sobre os nossos servi\u00e7os.","breadcrumb":{"@id":"https:\/\/restauranteaasm.com\/contacts#breadcrumb"},"inLanguage":"en-GB","potentialAction":[{"@type":"ReadAction","target":["https:\/\/restauranteaasm.com\/contacts"]}]},{"@type":"ImageObject","inLanguage":"en-GB","@id":"https:\/\/restauranteaasm.com\/contacts#primaryimage","url":"https:\/\/restauranteaasm.com\/wp-content\/uploads\/2025\/05\/A6507435.webp","contentUrl":"https:\/\/restauranteaasm.com\/wp-content\/uploads\/2025\/05\/A6507435.webp","width":1920,"height":1280},{"@type":"BreadcrumbList","@id":"https:\/\/restauranteaasm.com\/contacts#breadcrumb","itemListElement":[{"@type":"ListItem","position":1,"name":"In\u00edcio","item":"https:\/\/restauranteaasm.com\/"},{"@type":"ListItem","position":2,"name":"Contactos"}]},{"@type":"WebSite","@id":"https:\/\/restauranteaasm.com\/#website","url":"https:\/\/restauranteaasm.com\/","name":"RESTAURANTE AASM","description":"O famoso Bife da Associa\u00e7\u00e3o, gastronomia a\u00e7oriana aut\u00eantica, eventos e produtos exclusivos.","publisher":{"@id":"https:\/\/restauranteaasm.com\/#organization"},"potentialAction":[{"@type":"SearchAction","target":{"@type":"EntryPoint","urlTemplate":"https:\/\/restauranteaasm.com\/?s={search_term_string}"},"query-input":{"@type":"PropertyValueSpecification","valueRequired":true,"valueName":"search_term_string"}}],"inLanguage":"en-GB"},{"@type":"Organization","@id":"https:\/\/restauranteaasm.com\/#organization","name":"RESTAURANTE AASM","url":"https:\/\/restauranteaasm.com\/","logo":{"@type":"ImageObject","inLanguage":"en-GB","@id":"https:\/\/restauranteaasm.com\/#\/schema\/logo\/image\/","url":"https:\/\/restauranteaasm.com\/wp-content\/uploads\/2024\/12\/cropped-logotipo_AASM-redondo.png","contentUrl":"https:\/\/restauranteaasm.com\/wp-content\/uploads\/2024\/12\/cropped-logotipo_AASM-redondo.png","width":512,"height":512,"caption":"RESTAURANTE AASM"},"image":{"@id":"https:\/\/restauranteaasm.com\/#\/schema\/logo\/image\/"},"sameAs":["https:\/\/www.facebook.com\/restauranteaasm","https:\/\/www.instagram.com\/restauranteaasm","https:\/\/www.tripadvisor.pt\/Restaurant_Review-g616221-d2283129-Reviews-Restaurante_da_Associacao_Agricola_de_Sao_Miguel-Ribeira_Grande_Sao_Miguel_Azores.html"]}]}},"_links":{"self":[{"href":"https:\/\/restauranteaasm.com\/en\/wp-json\/wp\/v2\/pages\/1761","targetHints":{"allow":["GET"]}}],"collection":[{"href":"https:\/\/restauranteaasm.com\/en\/wp-json\/wp\/v2\/pages"}],"about":[{"href":"https:\/\/restauranteaasm.com\/en\/wp-json\/wp\/v2\/types\/page"}],"author":[{"embeddable":true,"href":"https:\/\/restauranteaasm.com\/en\/wp-json\/wp\/v2\/users\/1"}],"replies":[{"embeddable":true,"href":"https:\/\/restauranteaasm.com\/en\/wp-json\/wp\/v2\/comments?post=1761"}],"version-history":[{"count":0,"href":"https:\/\/restauranteaasm.com\/en\/wp-json\/wp\/v2\/pages\/1761\/revisions"}],"wp:featuredmedia":[{"embeddable":true,"href":"https:\/\/restauranteaasm.com\/en\/wp-json\/wp\/v2\/media\/2203"}],"wp:attachment":[{"href":"https:\/\/restauranteaasm.com\/en\/wp-json\/wp\/v2\/media?parent=1761"}],"curies":[{"name":"wp","href":"https:\/\/api.w.org\/{rel}","templated":true}]}}